{"id":1519,"date":"2025-05-21T17:08:21","date_gmt":"2025-05-21T17:08:21","guid":{"rendered":"https:\/\/findit.pt\/?page_id=1519"},"modified":"2025-06-18T15:19:19","modified_gmt":"2025-06-18T15:19:19","slug":"missao-visao-valores","status":"publish","type":"page","link":"https:\/\/findit.pt\/index.php\/missao-visao-valores\/","title":{"rendered":"Miss\u00e3o, Vis\u00e3o e Valores"},"content":{"rendered":"<div class=\"fusion-fullwidth fullwidth-box fusion-builder-row-1 fusion-flex-container nonhundred-percent-fullwidth non-hundred-percent-height-scrolling\" style=\"--awb-border-radius-top-left:0px;--awb-border-radius-top-right:0px;--awb-border-radius-bottom-right:0px;--awb-border-radius-bottom-left:0px;--awb-padding-top:3%;--awb-padding-bottom:6%;--awb-flex-wrap:wrap;\" ><div class=\"fusion-builder-row fusion-row fusion-flex-align-items-stretch fusion-flex-content-wrap\" style=\"max-width:1216.8px;margin-left: calc(-4% \/ 2 );margin-right: calc(-4% \/ 2 );\"><div class=\"fusion-layout-column fusion_builder_column fusion-builder-column-0 fusion_builder_column_1_1 1_1 fusion-flex-column fusion-flex-align-self-flex-start fusion-column-no-min-height\" style=\"--awb-padding-top:30px;--awb-bg-size:cover;--awb-width-large:100%;--awb-margin-top-large:0px;--awb-spacing-right-large:1.92%;--awb-margin-bottom-large:20px;--awb-spacing-left-large:1.92%;--awb-width-medium:100%;--awb-spacing-right-medium:1.92%;--awb-spacing-left-medium:1.92%;--awb-width-small:100%;--awb-spacing-right-small:1.92%;--awb-spacing-left-small:1.92%;\"><div class=\"fusion-column-wrapper fusion-flex-justify-content-flex-start fusion-content-layout-column\"><div class=\"fusion-title title fusion-title-1 fusion-sep-none fusion-title-text fusion-title-size-three titulo-privacidade\" style=\"--awb-text-color:var(--awb-color4);--awb-font-size:60px;\"><h3 class=\"fusion-title-heading title-heading-left fusion-responsive-typography-calculated\" style=\"margin:0;font-size:1em;--fontSize:60;line-height:var(--awb-typography1-line-height);\"><p style=\"text-align: left;\"><strong>Miss\u00e3o<\/strong><\/p><\/h3><\/div><div class=\"fusion-text fusion-text-1\"><p>Prestar servi\u00e7os especializados e integrados nas \u00e1reas de media\u00e7\u00e3o, promo\u00e7\u00e3o imobili\u00e1ria, constru\u00e7\u00e3o e arquitetura, com foco na excel\u00eancia, sofistica\u00e7\u00e3o e inova\u00e7\u00e3o. A <strong>FindIT<\/strong> existe para criar valor real para os seus clientes, oferecendo solu\u00e7\u00f5es \u00fanicas, confi\u00e1veis e personalizadas que refletem profissionalismo, bom gosto e vis\u00e3o estrat\u00e9gica.<\/p>\n<\/div><\/div><\/div><div class=\"fusion-layout-column fusion_builder_column fusion-builder-column-1 fusion_builder_column_1_1 1_1 fusion-flex-column fusion-flex-align-self-flex-start fusion-column-no-min-height\" style=\"--awb-padding-top:30px;--awb-bg-size:cover;--awb-width-large:100%;--awb-margin-top-large:0px;--awb-spacing-right-large:1.92%;--awb-margin-bottom-large:20px;--awb-spacing-left-large:1.92%;--awb-width-medium:100%;--awb-spacing-right-medium:1.92%;--awb-spacing-left-medium:1.92%;--awb-width-small:100%;--awb-spacing-right-small:1.92%;--awb-spacing-left-small:1.92%;\"><div class=\"fusion-column-wrapper fusion-flex-justify-content-flex-start fusion-content-layout-column\"><div class=\"fusion-title title fusion-title-2 fusion-sep-none fusion-title-text fusion-title-size-three\" style=\"--awb-text-color:var(--awb-color4);--awb-font-size:60px;\"><h3 class=\"fusion-title-heading title-heading-left fusion-responsive-typography-calculated\" style=\"margin:0;font-size:1em;--fontSize:60;line-height:var(--awb-typography1-line-height);\"><strong>Vis\u00e3o<\/strong><\/h3><\/div><div class=\"fusion-text fusion-text-2\"><p>Ser uma refer\u00eancia de qualidade e inova\u00e7\u00e3o no setor imobili\u00e1rio em Portugal, reconhecida pelo seu tra\u00e7o distinto, profissionalismo e capacidade de transformar projetos em realidades \u00fanicas. Mais do que crescer em dimens\u00e3o, queremos crescer em impacto e credibilidade.<\/p>\n<\/div><\/div><\/div><div class=\"fusion-layout-column fusion_builder_column fusion-builder-column-2 fusion_builder_column_1_1 1_1 fusion-flex-column fusion-flex-align-self-flex-start fusion-column-no-min-height\" style=\"--awb-padding-top:30px;--awb-bg-size:cover;--awb-width-large:100%;--awb-margin-top-large:0px;--awb-spacing-right-large:1.92%;--awb-margin-bottom-large:20px;--awb-spacing-left-large:1.92%;--awb-width-medium:100%;--awb-spacing-right-medium:1.92%;--awb-spacing-left-medium:1.92%;--awb-width-small:100%;--awb-spacing-right-small:1.92%;--awb-spacing-left-small:1.92%;\"><div class=\"fusion-column-wrapper fusion-flex-justify-content-flex-start fusion-content-layout-column\"><div class=\"fusion-title title fusion-title-3 fusion-sep-none fusion-title-text fusion-title-size-three\" style=\"--awb-text-color:var(--awb-color4);--awb-font-size:60px;\"><h3 class=\"fusion-title-heading title-heading-left fusion-responsive-typography-calculated\" style=\"margin:0;font-size:1em;--fontSize:60;line-height:var(--awb-typography1-line-height);\"><strong>Valores<\/strong><\/h3><\/div><div class=\"fusion-text fusion-text-3\" style=\"--awb-line-height:2em;\"><ul>\n<li><strong>Confian\u00e7a<\/strong>: Constru\u00edmos rela\u00e7\u00f5es duradouras baseadas na transpar\u00eancia, \u00e9tica e responsabilidade;<\/li>\n<li><strong>Sofistica\u00e7\u00e3o<\/strong>: Cuidamos dos detalhes e valorizamos o bom gosto em cada etapa do processo;<\/li>\n<li><strong>Inova\u00e7\u00e3o<\/strong>: Pensamos fora da caixa e aplicamos solu\u00e7\u00f5es criativas e tecnol\u00f3gicas para responder a cada desafio;<\/li>\n<li><strong>Qualidade<\/strong>: O nosso compromisso \u00e9 com a excel\u00eancia \u2014 nos processos, nos resultados e na experi\u00eancia do cliente;<\/li>\n<li><strong>Determina\u00e7\u00e3o<\/strong>: Como projeto jovem e vision\u00e1rio, acreditamos no poder da ambi\u00e7\u00e3o e do trabalho consistente para construir algo verdadeiramente \u00fanico.<\/li>\n<\/ul>\n<\/div><\/div><\/div><\/div><\/div>\n","protected":false},"excerpt":{"rendered":"","protected":false},"author":1,"featured_media":0,"parent":0,"menu_order":0,"comment_status":"closed","ping_status":"closed","template":"100-width.php","meta":{"footnotes":""},"class_list":["post-1519","page","type-page","status-publish","hentry"],"yoast_head":"<!-- This site is optimized with the Yoast SEO plugin v25.3 - https:\/\/yoast.com\/wordpress\/plugins\/seo\/ -->\n<title>Miss\u00e3o, Vis\u00e3o e Valores - FIND IT<\/title>\n<meta name=\"robots\" content=\"index, follow, max-snippet:-1, max-image-preview:large, max-video-preview:-1\" \/>\n<link rel=\"canonical\" href=\"https:\/\/findit.pt\/index.php\/missao-visao-valores\/\" \/>\n<meta property=\"og:locale\" content=\"en_US\" \/>\n<meta property=\"og:type\" content=\"article\" \/>\n<meta property=\"og:title\" content=\"Miss\u00e3o, Vis\u00e3o e Valores - FIND IT\" \/>\n<meta property=\"og:url\" content=\"https:\/\/findit.pt\/index.php\/missao-visao-valores\/\" \/>\n<meta property=\"og:site_name\" content=\"FIND IT\" \/>\n<meta property=\"article:modified_time\" content=\"2025-06-18T15:19:19+00:00\" \/>\n<meta name=\"twitter:card\" content=\"summary_large_image\" \/>\n<meta name=\"twitter:label1\" content=\"Est. reading time\" \/>\n\t<meta name=\"twitter:data1\" content=\"1 minute\" \/>\n<script type=\"application\/ld+json\" class=\"yoast-schema-graph\">{\"@context\":\"https:\/\/schema.org\",\"@graph\":[{\"@type\":\"WebPage\",\"@id\":\"https:\/\/findit.pt\/index.php\/missao-visao-valores\/\",\"url\":\"https:\/\/findit.pt\/index.php\/missao-visao-valores\/\",\"name\":\"Miss\u00e3o, Vis\u00e3o e Valores - FIND IT\",\"isPartOf\":{\"@id\":\"https:\/\/findit.pt\/#website\"},\"datePublished\":\"2025-05-21T17:08:21+00:00\",\"dateModified\":\"2025-06-18T15:19:19+00:00\",\"breadcrumb\":{\"@id\":\"https:\/\/findit.pt\/index.php\/missao-visao-valores\/#breadcrumb\"},\"inLanguage\":\"en-US\",\"potentialAction\":[{\"@type\":\"ReadAction\",\"target\":[\"https:\/\/findit.pt\/index.php\/missao-visao-valores\/\"]}]},{\"@type\":\"BreadcrumbList\",\"@id\":\"https:\/\/findit.pt\/index.php\/missao-visao-valores\/#breadcrumb\",\"itemListElement\":[{\"@type\":\"ListItem\",\"position\":1,\"name\":\"Home\",\"item\":\"https:\/\/findit.pt\/\"},{\"@type\":\"ListItem\",\"position\":2,\"name\":\"Miss\u00e3o, Vis\u00e3o e Valores\"}]},{\"@type\":\"WebSite\",\"@id\":\"https:\/\/findit.pt\/#website\",\"url\":\"https:\/\/findit.pt\/\",\"name\":\"FIND IT\",\"description\":\"\",\"potentialAction\":[{\"@type\":\"SearchAction\",\"target\":{\"@type\":\"EntryPoint\",\"urlTemplate\":\"https:\/\/findit.pt\/?s={search_term_string}\"},\"query-input\":{\"@type\":\"PropertyValueSpecification\",\"valueRequired\":true,\"valueName\":\"search_term_string\"}}],\"inLanguage\":\"en-US\"}]}<\/script>\n<!-- \/ Yoast SEO plugin. -->","yoast_head_json":{"title":"Miss\u00e3o, Vis\u00e3o e Valores - FIND IT","robots":{"index":"index","follow":"follow","max-snippet":"max-snippet:-1","max-image-preview":"max-image-preview:large","max-video-preview":"max-video-preview:-1"},"canonical":"https:\/\/findit.pt\/index.php\/missao-visao-valores\/","og_locale":"en_US","og_type":"article","og_title":"Miss\u00e3o, Vis\u00e3o e Valores - FIND IT","og_url":"https:\/\/findit.pt\/index.php\/missao-visao-valores\/","og_site_name":"FIND IT","article_modified_time":"2025-06-18T15:19:19+00:00","twitter_card":"summary_large_image","twitter_misc":{"Est. reading time":"1 minute"},"schema":{"@context":"https:\/\/schema.org","@graph":[{"@type":"WebPage","@id":"https:\/\/findit.pt\/index.php\/missao-visao-valores\/","url":"https:\/\/findit.pt\/index.php\/missao-visao-valores\/","name":"Miss\u00e3o, Vis\u00e3o e Valores - FIND IT","isPartOf":{"@id":"https:\/\/findit.pt\/#website"},"datePublished":"2025-05-21T17:08:21+00:00","dateModified":"2025-06-18T15:19:19+00:00","breadcrumb":{"@id":"https:\/\/findit.pt\/index.php\/missao-visao-valores\/#breadcrumb"},"inLanguage":"en-US","potentialAction":[{"@type":"ReadAction","target":["https:\/\/findit.pt\/index.php\/missao-visao-valores\/"]}]},{"@type":"BreadcrumbList","@id":"https:\/\/findit.pt\/index.php\/missao-visao-valores\/#breadcrumb","itemListElement":[{"@type":"ListItem","position":1,"name":"Home","item":"https:\/\/findit.pt\/"},{"@type":"ListItem","position":2,"name":"Miss\u00e3o, Vis\u00e3o e Valores"}]},{"@type":"WebSite","@id":"https:\/\/findit.pt\/#website","url":"https:\/\/findit.pt\/","name":"FIND IT","description":"","potentialAction":[{"@type":"SearchAction","target":{"@type":"EntryPoint","urlTemplate":"https:\/\/findit.pt\/?s={search_term_string}"},"query-input":{"@type":"PropertyValueSpecification","valueRequired":true,"valueName":"search_term_string"}}],"inLanguage":"en-US"}]}},"_links":{"self":[{"href":"https:\/\/findit.pt\/index.php\/wp-json\/wp\/v2\/pages\/1519","targetHints":{"allow":["GET"]}}],"collection":[{"href":"https:\/\/findit.pt\/index.php\/wp-json\/wp\/v2\/pages"}],"about":[{"href":"https:\/\/findit.pt\/index.php\/wp-json\/wp\/v2\/types\/page"}],"author":[{"embeddable":true,"href":"https:\/\/findit.pt\/index.php\/wp-json\/wp\/v2\/users\/1"}],"replies":[{"embeddable":true,"href":"https:\/\/findit.pt\/index.php\/wp-json\/wp\/v2\/comments?post=1519"}],"version-history":[{"count":8,"href":"https:\/\/findit.pt\/index.php\/wp-json\/wp\/v2\/pages\/1519\/revisions"}],"predecessor-version":[{"id":1691,"href":"https:\/\/findit.pt\/index.php\/wp-json\/wp\/v2\/pages\/1519\/revisions\/1691"}],"wp:attachment":[{"href":"https:\/\/findit.pt\/index.php\/wp-json\/wp\/v2\/media?parent=1519"}],"curies":[{"name":"wp","href":"https:\/\/api.w.org\/{rel}","templated":true}]}}