{"id":1580,"date":"2025-05-23T16:28:56","date_gmt":"2025-05-23T16:28:56","guid":{"rendered":"https:\/\/findit.pt\/?page_id=1580"},"modified":"2025-10-01T10:20:23","modified_gmt":"2025-10-01T10:20:23","slug":"mediacao-imobiliaria","status":"publish","type":"page","link":"https:\/\/findit.pt\/index.php\/mediacao-imobiliaria\/","title":{"rendered":"Media\u00e7\u00e3o Imobili\u00e1ria"},"content":{"rendered":"<div class=\"fusion-fullwidth fullwidth-box fusion-builder-row-1 fusion-flex-container nonhundred-percent-fullwidth non-hundred-percent-height-scrolling\" style=\"--awb-border-radius-top-left:0px;--awb-border-radius-top-right:0px;--awb-border-radius-bottom-right:0px;--awb-border-radius-bottom-left:0px;--awb-padding-top:3%;--awb-padding-bottom:6%;--awb-flex-wrap:wrap;\" ><div class=\"fusion-builder-row fusion-row fusion-flex-align-items-stretch fusion-flex-content-wrap\" style=\"max-width:calc( 1170px + 0px );margin-left: calc(-0px \/ 2 );margin-right: calc(-0px \/ 2 );\"><div class=\"fusion-layout-column fusion_builder_column fusion-builder-column-0 fusion_builder_column_1_1 1_1 fusion-flex-column fusion-flex-align-self-flex-start fusion-animated\" style=\"--awb-padding-top:30px;--awb-padding-right:50px;--awb-padding-bottom:30px;--awb-padding-left:50px;--awb-bg-blend:overlay;--awb-bg-size:cover;--awb-transition:filter 100ms ease, transform 100ms ease, background-color 100ms ease, border-color 100ms ease;--awb-width-large:100%;--awb-margin-top-large:0px;--awb-spacing-right-large:0px;--awb-margin-bottom-large:20px;--awb-spacing-left-large:0px;--awb-width-medium:100%;--awb-order-medium:0;--awb-spacing-right-medium:0px;--awb-spacing-left-medium:0px;--awb-width-small:100%;--awb-order-small:0;--awb-spacing-right-small:0px;--awb-spacing-left-small:0px;\" data-animationType=\"fadeInUp\" data-animationDuration=\"0.7\" data-animationDelay=\"0.1\" data-animationOffset=\"top-into-view\" data-scroll-devices=\"small-visibility,medium-visibility,large-visibility\"><div class=\"fusion-column-wrapper fusion-column-has-shadow fusion-flex-justify-content-flex-start fusion-content-layout-column\"><div class=\"fusion-image-element \" style=\"text-align:center;--awb-max-width:74px;--awb-caption-title-font-family:var(--h2_typography-font-family);--awb-caption-title-font-weight:var(--h2_typography-font-weight);--awb-caption-title-font-style:var(--h2_typography-font-style);--awb-caption-title-size:var(--h2_typography-font-size);--awb-caption-title-transform:var(--h2_typography-text-transform);--awb-caption-title-line-height:var(--h2_typography-line-height);--awb-caption-title-letter-spacing:var(--h2_typography-letter-spacing);\"><span class=\" fusion-imageframe imageframe-none imageframe-1 hover-type-none\"><img decoding=\"async\" width=\"170\" height=\"220\" title=\"icon_Media\u00e7\u00e3o Imobili\u00e1ria\" src=\"data:image\/svg+xml,%3Csvg%20xmlns%3D%27http%3A%2F%2Fwww.w3.org%2F2000%2Fsvg%27%20width%3D%27170%27%20height%3D%27220%27%20viewBox%3D%270%200%20170%20220%27%3E%3Crect%20width%3D%27170%27%20height%3D%27220%27%20fill-opacity%3D%220%22%2F%3E%3C%2Fsvg%3E\" data-orig-src=\"https:\/\/findit.pt\/wp-content\/uploads\/2025\/05\/icon_Mediacao-Imobiliaria-.png\" alt class=\"lazyload img-responsive wp-image-1469\"\/><\/span><\/div><div class=\"fusion-separator fusion-full-width-sep\" style=\"align-self: center;margin-left: auto;margin-right: auto;margin-top:30px;width:100%;\"><\/div><div class=\"fusion-text fusion-text-1\"><p style=\"text-align: center;\">Na FindIT, olhamos para a media\u00e7\u00e3o imobili\u00e1ria como uma ponte entre pessoas e oportunidades com verdadeiro valor. Mais do que facilitar neg\u00f3cios, ajudamos-te a tomar decis\u00f5es seguras, estrat\u00e9gicas e com retorno.<\/p>\n<p style=\"text-align: center;\">Seja para habita\u00e7\u00e3o, investimento ou desenvolvimento, acompanhamos-te em cada etapa com transpar\u00eancia, proximidade e know-how. Ouvimos, analisamos e propomos \u2014 sempre com foco no que realmente importa: o que \u00e9 melhor para ti.<\/p>\n<\/div><\/div><\/div><\/div><\/div>\n","protected":false},"excerpt":{"rendered":"","protected":false},"author":1,"featured_media":1606,"parent":0,"menu_order":0,"comment_status":"closed","ping_status":"closed","template":"100-width.php","meta":{"footnotes":""},"class_list":["post-1580","page","type-page","status-publish","has-post-thumbnail","hentry"],"yoast_head":"<!-- This site is optimized with the Yoast SEO plugin v25.3 - https:\/\/yoast.com\/wordpress\/plugins\/seo\/ -->\n<title>Media\u00e7\u00e3o Imobili\u00e1ria - FIND IT<\/title>\n<meta name=\"robots\" content=\"index, follow, max-snippet:-1, max-image-preview:large, max-video-preview:-1\" \/>\n<link rel=\"canonical\" href=\"https:\/\/findit.pt\/index.php\/mediacao-imobiliaria\/\" \/>\n<meta property=\"og:locale\" content=\"en_US\" \/>\n<meta property=\"og:type\" content=\"article\" \/>\n<meta property=\"og:title\" content=\"Media\u00e7\u00e3o Imobili\u00e1ria - FIND IT\" \/>\n<meta property=\"og:url\" content=\"https:\/\/findit.pt\/index.php\/mediacao-imobiliaria\/\" \/>\n<meta property=\"og:site_name\" content=\"FIND IT\" \/>\n<meta property=\"article:modified_time\" content=\"2025-10-01T10:20:23+00:00\" \/>\n<meta property=\"og:image\" content=\"https:\/\/findit.pt\/wp-content\/uploads\/2025\/05\/Mediacao-Imobiliaria_clara_1.jpg\" \/>\n\t<meta property=\"og:image:width\" content=\"1950\" \/>\n\t<meta property=\"og:image:height\" content=\"1200\" \/>\n\t<meta property=\"og:image:type\" content=\"image\/jpeg\" \/>\n<meta name=\"twitter:card\" content=\"summary_large_image\" \/>\n<meta name=\"twitter:label1\" content=\"Est. reading time\" \/>\n\t<meta name=\"twitter:data1\" content=\"1 minute\" \/>\n<script type=\"application\/ld+json\" class=\"yoast-schema-graph\">{\"@context\":\"https:\/\/schema.org\",\"@graph\":[{\"@type\":\"WebPage\",\"@id\":\"https:\/\/findit.pt\/index.php\/mediacao-imobiliaria\/\",\"url\":\"https:\/\/findit.pt\/index.php\/mediacao-imobiliaria\/\",\"name\":\"Media\u00e7\u00e3o Imobili\u00e1ria - FIND IT\",\"isPartOf\":{\"@id\":\"https:\/\/findit.pt\/#website\"},\"primaryImageOfPage\":{\"@id\":\"https:\/\/findit.pt\/index.php\/mediacao-imobiliaria\/#primaryimage\"},\"image\":{\"@id\":\"https:\/\/findit.pt\/index.php\/mediacao-imobiliaria\/#primaryimage\"},\"thumbnailUrl\":\"https:\/\/findit.pt\/wp-content\/uploads\/2025\/05\/Mediacao-Imobiliaria_clara_1.jpg\",\"datePublished\":\"2025-05-23T16:28:56+00:00\",\"dateModified\":\"2025-10-01T10:20:23+00:00\",\"breadcrumb\":{\"@id\":\"https:\/\/findit.pt\/index.php\/mediacao-imobiliaria\/#breadcrumb\"},\"inLanguage\":\"en-US\",\"potentialAction\":[{\"@type\":\"ReadAction\",\"target\":[\"https:\/\/findit.pt\/index.php\/mediacao-imobiliaria\/\"]}]},{\"@type\":\"ImageObject\",\"inLanguage\":\"en-US\",\"@id\":\"https:\/\/findit.pt\/index.php\/mediacao-imobiliaria\/#primaryimage\",\"url\":\"https:\/\/findit.pt\/wp-content\/uploads\/2025\/05\/Mediacao-Imobiliaria_clara_1.jpg\",\"contentUrl\":\"https:\/\/findit.pt\/wp-content\/uploads\/2025\/05\/Mediacao-Imobiliaria_clara_1.jpg\",\"width\":1950,\"height\":1200},{\"@type\":\"BreadcrumbList\",\"@id\":\"https:\/\/findit.pt\/index.php\/mediacao-imobiliaria\/#breadcrumb\",\"itemListElement\":[{\"@type\":\"ListItem\",\"position\":1,\"name\":\"Home\",\"item\":\"https:\/\/findit.pt\/\"},{\"@type\":\"ListItem\",\"position\":2,\"name\":\"Media\u00e7\u00e3o Imobili\u00e1ria\"}]},{\"@type\":\"WebSite\",\"@id\":\"https:\/\/findit.pt\/#website\",\"url\":\"https:\/\/findit.pt\/\",\"name\":\"FIND IT\",\"description\":\"\",\"potentialAction\":[{\"@type\":\"SearchAction\",\"target\":{\"@type\":\"EntryPoint\",\"urlTemplate\":\"https:\/\/findit.pt\/?s={search_term_string}\"},\"query-input\":{\"@type\":\"PropertyValueSpecification\",\"valueRequired\":true,\"valueName\":\"search_term_string\"}}],\"inLanguage\":\"en-US\"}]}<\/script>\n<!-- \/ Yoast SEO plugin. -->","yoast_head_json":{"title":"Media\u00e7\u00e3o Imobili\u00e1ria - FIND IT","robots":{"index":"index","follow":"follow","max-snippet":"max-snippet:-1","max-image-preview":"max-image-preview:large","max-video-preview":"max-video-preview:-1"},"canonical":"https:\/\/findit.pt\/index.php\/mediacao-imobiliaria\/","og_locale":"en_US","og_type":"article","og_title":"Media\u00e7\u00e3o Imobili\u00e1ria - FIND IT","og_url":"https:\/\/findit.pt\/index.php\/mediacao-imobiliaria\/","og_site_name":"FIND IT","article_modified_time":"2025-10-01T10:20:23+00:00","og_image":[{"width":1950,"height":1200,"url":"https:\/\/findit.pt\/wp-content\/uploads\/2025\/05\/Mediacao-Imobiliaria_clara_1.jpg","type":"image\/jpeg"}],"twitter_card":"summary_large_image","twitter_misc":{"Est. reading time":"1 minute"},"schema":{"@context":"https:\/\/schema.org","@graph":[{"@type":"WebPage","@id":"https:\/\/findit.pt\/index.php\/mediacao-imobiliaria\/","url":"https:\/\/findit.pt\/index.php\/mediacao-imobiliaria\/","name":"Media\u00e7\u00e3o Imobili\u00e1ria - FIND IT","isPartOf":{"@id":"https:\/\/findit.pt\/#website"},"primaryImageOfPage":{"@id":"https:\/\/findit.pt\/index.php\/mediacao-imobiliaria\/#primaryimage"},"image":{"@id":"https:\/\/findit.pt\/index.php\/mediacao-imobiliaria\/#primaryimage"},"thumbnailUrl":"https:\/\/findit.pt\/wp-content\/uploads\/2025\/05\/Mediacao-Imobiliaria_clara_1.jpg","datePublished":"2025-05-23T16:28:56+00:00","dateModified":"2025-10-01T10:20:23+00:00","breadcrumb":{"@id":"https:\/\/findit.pt\/index.php\/mediacao-imobiliaria\/#breadcrumb"},"inLanguage":"en-US","potentialAction":[{"@type":"ReadAction","target":["https:\/\/findit.pt\/index.php\/mediacao-imobiliaria\/"]}]},{"@type":"ImageObject","inLanguage":"en-US","@id":"https:\/\/findit.pt\/index.php\/mediacao-imobiliaria\/#primaryimage","url":"https:\/\/findit.pt\/wp-content\/uploads\/2025\/05\/Mediacao-Imobiliaria_clara_1.jpg","contentUrl":"https:\/\/findit.pt\/wp-content\/uploads\/2025\/05\/Mediacao-Imobiliaria_clara_1.jpg","width":1950,"height":1200},{"@type":"BreadcrumbList","@id":"https:\/\/findit.pt\/index.php\/mediacao-imobiliaria\/#breadcrumb","itemListElement":[{"@type":"ListItem","position":1,"name":"Home","item":"https:\/\/findit.pt\/"},{"@type":"ListItem","position":2,"name":"Media\u00e7\u00e3o Imobili\u00e1ria"}]},{"@type":"WebSite","@id":"https:\/\/findit.pt\/#website","url":"https:\/\/findit.pt\/","name":"FIND IT","description":"","potentialAction":[{"@type":"SearchAction","target":{"@type":"EntryPoint","urlTemplate":"https:\/\/findit.pt\/?s={search_term_string}"},"query-input":{"@type":"PropertyValueSpecification","valueRequired":true,"valueName":"search_term_string"}}],"inLanguage":"en-US"}]}},"_links":{"self":[{"href":"https:\/\/findit.pt\/index.php\/wp-json\/wp\/v2\/pages\/1580","targetHints":{"allow":["GET"]}}],"collection":[{"href":"https:\/\/findit.pt\/index.php\/wp-json\/wp\/v2\/pages"}],"about":[{"href":"https:\/\/findit.pt\/index.php\/wp-json\/wp\/v2\/types\/page"}],"author":[{"embeddable":true,"href":"https:\/\/findit.pt\/index.php\/wp-json\/wp\/v2\/users\/1"}],"replies":[{"embeddable":true,"href":"https:\/\/findit.pt\/index.php\/wp-json\/wp\/v2\/comments?post=1580"}],"version-history":[{"count":7,"href":"https:\/\/findit.pt\/index.php\/wp-json\/wp\/v2\/pages\/1580\/revisions"}],"predecessor-version":[{"id":1832,"href":"https:\/\/findit.pt\/index.php\/wp-json\/wp\/v2\/pages\/1580\/revisions\/1832"}],"wp:featuredmedia":[{"embeddable":true,"href":"https:\/\/findit.pt\/index.php\/wp-json\/wp\/v2\/media\/1606"}],"wp:attachment":[{"href":"https:\/\/findit.pt\/index.php\/wp-json\/wp\/v2\/media?parent=1580"}],"curies":[{"name":"wp","href":"https:\/\/api.w.org\/{rel}","templated":true}]}}