{"id":1785,"date":"2025-08-06T14:11:57","date_gmt":"2025-08-06T14:11:57","guid":{"rendered":"https:\/\/findit.pt\/?page_id=1785"},"modified":"2025-10-01T10:29:00","modified_gmt":"2025-10-01T10:29:00","slug":"quem-somos-nos","status":"publish","type":"page","link":"https:\/\/findit.pt\/index.php\/quem-somos-nos\/","title":{"rendered":"Quem Somos"},"content":{"rendered":"<p><div class=\"fusion-fullwidth fullwidth-box fusion-builder-row-1 fusion-flex-container has-pattern-background has-mask-background nonhundred-percent-fullwidth non-hundred-percent-height-scrolling\" style=\"--awb-border-radius-top-left:0px;--awb-border-radius-top-right:0px;--awb-border-radius-bottom-right:0px;--awb-border-radius-bottom-left:0px;--awb-padding-top:-35px;--awb-padding-bottom:10px;--awb-flex-wrap:wrap;\" ><div class=\"fusion-builder-row fusion-row fusion-flex-align-items-stretch fusion-flex-content-wrap\" style=\"max-width:1216.8px;margin-left: calc(-4% \/ 2 );margin-right: calc(-4% \/ 2 );\"><div class=\"fusion-layout-column fusion_builder_column fusion-builder-column-0 fusion_builder_column_1_2 1_2 fusion-flex-column\" style=\"--awb-bg-size:cover;--awb-width-large:50%;--awb-margin-top-large:0px;--awb-spacing-right-large:3.84%;--awb-margin-bottom-large:20px;--awb-spacing-left-large:3.84%;--awb-width-medium:100%;--awb-order-medium:0;--awb-spacing-right-medium:1.92%;--awb-spacing-left-medium:1.92%;--awb-width-small:100%;--awb-order-small:0;--awb-spacing-right-small:1.92%;--awb-spacing-left-small:1.92%;\" data-scroll-devices=\"small-visibility,medium-visibility,large-visibility\"><div class=\"fusion-column-wrapper fusion-column-has-shadow fusion-flex-justify-content-flex-end fusion-content-layout-column\"><div class=\"fusion-image-element \" style=\"text-align:left;--awb-max-width:70%;--awb-caption-title-font-family:var(--h2_typography-font-family);--awb-caption-title-font-weight:var(--h2_typography-font-weight);--awb-caption-title-font-style:var(--h2_typography-font-style);--awb-caption-title-size:var(--h2_typography-font-size);--awb-caption-title-transform:var(--h2_typography-text-transform);--awb-caption-title-line-height:var(--h2_typography-line-height);--awb-caption-title-letter-spacing:var(--h2_typography-letter-spacing);\"><span class=\" fusion-imageframe imageframe-none imageframe-1 hover-type-none\"><img decoding=\"async\" width=\"1846\" height=\"2560\" title=\"shailavd\" src=\"https:\/\/findit.pt\/wp-content\/uploads\/2025\/08\/shailavd-scaled.jpg\" data-orig-src=\"https:\/\/findit.pt\/wp-content\/uploads\/2025\/08\/shailavd-scaled.jpg\" alt class=\"lazyload img-responsive wp-image-1791\" srcset=\"data:image\/svg+xml,%3Csvg%20xmlns%3D%27http%3A%2F%2Fwww.w3.org%2F2000%2Fsvg%27%20width%3D%271846%27%20height%3D%272560%27%20viewBox%3D%270%200%201846%202560%27%3E%3Crect%20width%3D%271846%27%20height%3D%272560%27%20fill-opacity%3D%220%22%2F%3E%3C%2Fsvg%3E\" data-srcset=\"https:\/\/findit.pt\/wp-content\/uploads\/2025\/08\/shailavd-200x277.jpg 200w, https:\/\/findit.pt\/wp-content\/uploads\/2025\/08\/shailavd-400x555.jpg 400w, https:\/\/findit.pt\/wp-content\/uploads\/2025\/08\/shailavd-600x832.jpg 600w, https:\/\/findit.pt\/wp-content\/uploads\/2025\/08\/shailavd-800x1109.jpg 800w, https:\/\/findit.pt\/wp-content\/uploads\/2025\/08\/shailavd-1200x1664.jpg 1200w, https:\/\/findit.pt\/wp-content\/uploads\/2025\/08\/shailavd-scaled.jpg 1846w\" data-sizes=\"auto\" data-orig-sizes=\"(max-width: 1024px) 100vw, (max-width: 640px) 100vw, 600px\" \/><\/span><\/div><\/div><\/div><div class=\"fusion-layout-column fusion_builder_column fusion-builder-column-1 fusion_builder_column_1_2 1_2 fusion-flex-column\" style=\"--awb-bg-size:cover;--awb-width-large:50%;--awb-margin-top-large:0px;--awb-spacing-right-large:3.84%;--awb-margin-bottom-large:20px;--awb-spacing-left-large:3.84%;--awb-width-medium:100%;--awb-order-medium:0;--awb-spacing-right-medium:1.92%;--awb-spacing-left-medium:1.92%;--awb-width-small:100%;--awb-order-small:0;--awb-spacing-right-small:1.92%;--awb-spacing-left-small:1.92%;\" data-scroll-devices=\"small-visibility,medium-visibility,large-visibility\"><div class=\"fusion-column-wrapper fusion-column-has-shadow fusion-flex-justify-content-flex-end fusion-content-layout-column\"><div class=\"fusion-image-element \" style=\"text-align:right;--awb-max-width:70%;--awb-caption-title-font-family:var(--h2_typography-font-family);--awb-caption-title-font-weight:var(--h2_typography-font-weight);--awb-caption-title-font-style:var(--h2_typography-font-style);--awb-caption-title-size:var(--h2_typography-font-size);--awb-caption-title-transform:var(--h2_typography-text-transform);--awb-caption-title-line-height:var(--h2_typography-line-height);--awb-caption-title-letter-spacing:var(--h2_typography-letter-spacing);\"><span class=\" fusion-imageframe imageframe-none imageframe-2 hover-type-none\"><img decoding=\"async\" width=\"2208\" height=\"2560\" title=\"shailavd_ass\" src=\"https:\/\/findit.pt\/wp-content\/uploads\/2025\/08\/shailavd_ass-scaled.jpg\" data-orig-src=\"https:\/\/findit.pt\/wp-content\/uploads\/2025\/08\/shailavd_ass-scaled.jpg\" alt class=\"lazyload img-responsive wp-image-1811\" srcset=\"data:image\/svg+xml,%3Csvg%20xmlns%3D%27http%3A%2F%2Fwww.w3.org%2F2000%2Fsvg%27%20width%3D%272208%27%20height%3D%272560%27%20viewBox%3D%270%200%202208%202560%27%3E%3Crect%20width%3D%272208%27%20height%3D%272560%27%20fill-opacity%3D%220%22%2F%3E%3C%2Fsvg%3E\" data-srcset=\"https:\/\/findit.pt\/wp-content\/uploads\/2025\/08\/shailavd_ass-200x232.jpg 200w, https:\/\/findit.pt\/wp-content\/uploads\/2025\/08\/shailavd_ass-400x464.jpg 400w, https:\/\/findit.pt\/wp-content\/uploads\/2025\/08\/shailavd_ass-600x696.jpg 600w, https:\/\/findit.pt\/wp-content\/uploads\/2025\/08\/shailavd_ass-800x928.jpg 800w, https:\/\/findit.pt\/wp-content\/uploads\/2025\/08\/shailavd_ass-1200x1391.jpg 1200w, https:\/\/findit.pt\/wp-content\/uploads\/2025\/08\/shailavd_ass-scaled.jpg 2208w\" data-sizes=\"auto\" data-orig-sizes=\"(max-width: 1024px) 100vw, (max-width: 640px) 100vw, 600px\" \/><\/span><\/div><\/div><\/div><div class=\"fusion-layout-column fusion_builder_column fusion-builder-column-2 fusion_builder_column_1_1 1_1 fusion-flex-column\" style=\"--awb-bg-size:cover;--awb-width-large:100%;--awb-margin-top-large:-20px;--awb-spacing-right-large:1.92%;--awb-margin-bottom-large:20px;--awb-spacing-left-large:1.92%;--awb-width-medium:100%;--awb-order-medium:0;--awb-spacing-right-medium:1.92%;--awb-spacing-left-medium:1.92%;--awb-width-small:100%;--awb-order-small:0;--awb-spacing-right-small:1.92%;--awb-spacing-left-small:1.92%;\" data-scroll-devices=\"small-visibility,medium-visibility,large-visibility\"><div class=\"fusion-column-wrapper fusion-column-has-shadow fusion-flex-justify-content-flex-start fusion-content-layout-column\"><div class=\"fusion-separator fusion-full-width-sep\" style=\"align-self: center;margin-left: auto;margin-right: auto;margin-bottom:30px;width:100%;\"><div class=\"fusion-separator-border sep-single sep-solid\" style=\"--awb-height:20px;--awb-amount:20px;--awb-sep-color:var(--awb-color6);border-color:var(--awb-color6);border-top-width:1px;\"><\/div><\/div><\/div><\/div><\/div><\/div><div class=\"fusion-fullwidth fullwidth-box fusion-builder-row-2 fusion-flex-container has-pattern-background has-mask-background nonhundred-percent-fullwidth non-hundred-percent-height-scrolling\" style=\"--awb-border-radius-top-left:0px;--awb-border-radius-top-right:0px;--awb-border-radius-bottom-right:0px;--awb-border-radius-bottom-left:0px;--awb-padding-top:10px;--awb-padding-bottom:6%;--awb-flex-wrap:wrap;\" ><div class=\"fusion-builder-row fusion-row fusion-flex-align-items-stretch fusion-flex-content-wrap\" style=\"max-width:1216.8px;margin-left: calc(-4% \/ 2 );margin-right: calc(-4% \/ 2 );\"><div class=\"fusion-layout-column fusion_builder_column fusion-builder-column-3 fusion_builder_column_1_1 1_1 fusion-flex-column\" style=\"--awb-bg-size:cover;--awb-width-large:100%;--awb-margin-top-large:0px;--awb-spacing-right-large:1.92%;--awb-margin-bottom-large:20px;--awb-spacing-left-large:1.92%;--awb-width-medium:100%;--awb-order-medium:0;--awb-spacing-right-medium:1.92%;--awb-spacing-left-medium:1.92%;--awb-width-small:100%;--awb-order-small:0;--awb-spacing-right-small:1.92%;--awb-spacing-left-small:1.92%;\"><div class=\"fusion-column-wrapper fusion-column-has-shadow fusion-flex-justify-content-flex-start fusion-content-layout-column\"><div class=\"fusion-text fusion-text-1\"><p>A <strong>FindIT<\/strong><strong>\u00a0<\/strong>nasceu de um sonho.<br \/>\nUm sonho que come\u00e7ou quando eu tinha apenas 12 anos e j\u00e1 sentia que o meu destino passava por criar algo grande, algo com impacto, que pudesse fazer a diferen\u00e7a na vida das pessoas.<br \/>\nCom 16 anos, esse sonho come\u00e7ou a ganhar forma.<br \/>\nE pouco antes de completar os 17, fundei a <strong>FindIT<\/strong> \u00a0\u2014 um projeto que reflete quem sou, o que acredito e aquilo que quero construir para o futuro.<\/p>\n<p>Apesar de ser uma empresa recente, a<strong> FindIT <\/strong>j\u00e1 olha para o futuro com confian\u00e7a.<br \/>\nA nossa miss\u00e3o \u00e9 clara: ajudar, de forma genu\u00edna, todos aqueles que realmente necessitem.<br \/>\nQueremos fazer mais do que intermediar neg\u00f3cios \u2014 queremos construir rela\u00e7\u00f5es, concretizar projetos e transformar sonhos em realidade, tanto na media\u00e7\u00e3o imobili\u00e1ria como na arquitetura e na constru\u00e7\u00e3o.<\/p>\n<p>Este caminho foi feito por fases.<br \/>\nPrimeiro, a estrutura\u00e7\u00e3o e legaliza\u00e7\u00e3o da empresa.<br \/>\nDepois, a cria\u00e7\u00e3o da marca, da imagem, da identidade que nos distingue.<br \/>\nE finalmente, a fase mais gratificante: a de come\u00e7ar a atuar plenamente, com projetos no terreno e clientes satisfeitos.<\/p>\n<p>Enquanto futura gestora, vejo-me como uma pessoa emp\u00e1tica, criativa e determinada.<br \/>\nEstas caracter\u00edsticas estiveram na base da cria\u00e7\u00e3o da <strong>FindIT<\/strong><strong>\u00a0<\/strong>e continuam a ser o motor deste projeto.<br \/>\nTive o privil\u00e9gio de crescer rodeada de pessoas inspiradoras \u2014 a minha fam\u00edlia \u2014 que sempre se destacaram pela \u00e9tica de trabalho, resili\u00eancia e vontade de fazer a diferen\u00e7a.<br \/>\nS\u00e3o a minha base, o meu apoio e a principal inspira\u00e7\u00e3o para este caminho que agora come\u00e7a.<\/p>\n<p>A <strong>FindIT<\/strong>\u00a0\u00e9 mais do que uma empresa. \u00c9 um prop\u00f3sito. E esta \u00e9 apenas a primeira p\u00e1gina da nossa hist\u00f3ria.<\/p>\n<\/div><\/div><\/div><\/div><\/div><\/p>\n","protected":false},"excerpt":{"rendered":"","protected":false},"author":1,"featured_media":1805,"parent":0,"menu_order":0,"comment_status":"closed","ping_status":"closed","template":"100-width.php","meta":{"footnotes":""},"class_list":["post-1785","page","type-page","status-publish","has-post-thumbnail","hentry"],"yoast_head":"<!-- This site is optimized with the Yoast SEO plugin v25.3 - https:\/\/yoast.com\/wordpress\/plugins\/seo\/ -->\n<title>Quem Somos - FIND IT<\/title>\n<meta name=\"robots\" content=\"index, follow, max-snippet:-1, max-image-preview:large, max-video-preview:-1\" \/>\n<link rel=\"canonical\" href=\"https:\/\/findit.pt\/index.php\/quem-somos-nos\/\" \/>\n<meta property=\"og:locale\" content=\"en_US\" \/>\n<meta property=\"og:type\" content=\"article\" \/>\n<meta property=\"og:title\" content=\"Quem Somos - FIND IT\" \/>\n<meta property=\"og:url\" content=\"https:\/\/findit.pt\/index.php\/quem-somos-nos\/\" \/>\n<meta property=\"og:site_name\" content=\"FIND IT\" \/>\n<meta property=\"article:modified_time\" content=\"2025-10-01T10:29:00+00:00\" \/>\n<meta property=\"og:image\" content=\"https:\/\/findit.pt\/wp-content\/uploads\/2025\/08\/Quem-somos_4.jpg\" \/>\n\t<meta property=\"og:image:width\" content=\"1950\" \/>\n\t<meta property=\"og:image:height\" content=\"1200\" \/>\n\t<meta property=\"og:image:type\" content=\"image\/jpeg\" \/>\n<meta name=\"twitter:card\" content=\"summary_large_image\" \/>\n<meta name=\"twitter:label1\" content=\"Est. reading time\" \/>\n\t<meta name=\"twitter:data1\" content=\"2 minutes\" \/>\n<script type=\"application\/ld+json\" class=\"yoast-schema-graph\">{\"@context\":\"https:\/\/schema.org\",\"@graph\":[{\"@type\":\"WebPage\",\"@id\":\"https:\/\/findit.pt\/index.php\/quem-somos-nos\/\",\"url\":\"https:\/\/findit.pt\/index.php\/quem-somos-nos\/\",\"name\":\"Quem Somos - FIND IT\",\"isPartOf\":{\"@id\":\"https:\/\/findit.pt\/#website\"},\"primaryImageOfPage\":{\"@id\":\"https:\/\/findit.pt\/index.php\/quem-somos-nos\/#primaryimage\"},\"image\":{\"@id\":\"https:\/\/findit.pt\/index.php\/quem-somos-nos\/#primaryimage\"},\"thumbnailUrl\":\"https:\/\/findit.pt\/wp-content\/uploads\/2025\/08\/Quem-somos_4.jpg\",\"datePublished\":\"2025-08-06T14:11:57+00:00\",\"dateModified\":\"2025-10-01T10:29:00+00:00\",\"breadcrumb\":{\"@id\":\"https:\/\/findit.pt\/index.php\/quem-somos-nos\/#breadcrumb\"},\"inLanguage\":\"en-US\",\"potentialAction\":[{\"@type\":\"ReadAction\",\"target\":[\"https:\/\/findit.pt\/index.php\/quem-somos-nos\/\"]}]},{\"@type\":\"ImageObject\",\"inLanguage\":\"en-US\",\"@id\":\"https:\/\/findit.pt\/index.php\/quem-somos-nos\/#primaryimage\",\"url\":\"https:\/\/findit.pt\/wp-content\/uploads\/2025\/08\/Quem-somos_4.jpg\",\"contentUrl\":\"https:\/\/findit.pt\/wp-content\/uploads\/2025\/08\/Quem-somos_4.jpg\",\"width\":1950,\"height\":1200},{\"@type\":\"BreadcrumbList\",\"@id\":\"https:\/\/findit.pt\/index.php\/quem-somos-nos\/#breadcrumb\",\"itemListElement\":[{\"@type\":\"ListItem\",\"position\":1,\"name\":\"Home\",\"item\":\"https:\/\/findit.pt\/\"},{\"@type\":\"ListItem\",\"position\":2,\"name\":\"Quem Somos\"}]},{\"@type\":\"WebSite\",\"@id\":\"https:\/\/findit.pt\/#website\",\"url\":\"https:\/\/findit.pt\/\",\"name\":\"FIND IT\",\"description\":\"\",\"potentialAction\":[{\"@type\":\"SearchAction\",\"target\":{\"@type\":\"EntryPoint\",\"urlTemplate\":\"https:\/\/findit.pt\/?s={search_term_string}\"},\"query-input\":{\"@type\":\"PropertyValueSpecification\",\"valueRequired\":true,\"valueName\":\"search_term_string\"}}],\"inLanguage\":\"en-US\"}]}<\/script>\n<!-- \/ Yoast SEO plugin. -->","yoast_head_json":{"title":"Quem Somos - FIND IT","robots":{"index":"index","follow":"follow","max-snippet":"max-snippet:-1","max-image-preview":"max-image-preview:large","max-video-preview":"max-video-preview:-1"},"canonical":"https:\/\/findit.pt\/index.php\/quem-somos-nos\/","og_locale":"en_US","og_type":"article","og_title":"Quem Somos - FIND IT","og_url":"https:\/\/findit.pt\/index.php\/quem-somos-nos\/","og_site_name":"FIND IT","article_modified_time":"2025-10-01T10:29:00+00:00","og_image":[{"width":1950,"height":1200,"url":"https:\/\/findit.pt\/wp-content\/uploads\/2025\/08\/Quem-somos_4.jpg","type":"image\/jpeg"}],"twitter_card":"summary_large_image","twitter_misc":{"Est. reading time":"2 minutes"},"schema":{"@context":"https:\/\/schema.org","@graph":[{"@type":"WebPage","@id":"https:\/\/findit.pt\/index.php\/quem-somos-nos\/","url":"https:\/\/findit.pt\/index.php\/quem-somos-nos\/","name":"Quem Somos - FIND IT","isPartOf":{"@id":"https:\/\/findit.pt\/#website"},"primaryImageOfPage":{"@id":"https:\/\/findit.pt\/index.php\/quem-somos-nos\/#primaryimage"},"image":{"@id":"https:\/\/findit.pt\/index.php\/quem-somos-nos\/#primaryimage"},"thumbnailUrl":"https:\/\/findit.pt\/wp-content\/uploads\/2025\/08\/Quem-somos_4.jpg","datePublished":"2025-08-06T14:11:57+00:00","dateModified":"2025-10-01T10:29:00+00:00","breadcrumb":{"@id":"https:\/\/findit.pt\/index.php\/quem-somos-nos\/#breadcrumb"},"inLanguage":"en-US","potentialAction":[{"@type":"ReadAction","target":["https:\/\/findit.pt\/index.php\/quem-somos-nos\/"]}]},{"@type":"ImageObject","inLanguage":"en-US","@id":"https:\/\/findit.pt\/index.php\/quem-somos-nos\/#primaryimage","url":"https:\/\/findit.pt\/wp-content\/uploads\/2025\/08\/Quem-somos_4.jpg","contentUrl":"https:\/\/findit.pt\/wp-content\/uploads\/2025\/08\/Quem-somos_4.jpg","width":1950,"height":1200},{"@type":"BreadcrumbList","@id":"https:\/\/findit.pt\/index.php\/quem-somos-nos\/#breadcrumb","itemListElement":[{"@type":"ListItem","position":1,"name":"Home","item":"https:\/\/findit.pt\/"},{"@type":"ListItem","position":2,"name":"Quem Somos"}]},{"@type":"WebSite","@id":"https:\/\/findit.pt\/#website","url":"https:\/\/findit.pt\/","name":"FIND IT","description":"","potentialAction":[{"@type":"SearchAction","target":{"@type":"EntryPoint","urlTemplate":"https:\/\/findit.pt\/?s={search_term_string}"},"query-input":{"@type":"PropertyValueSpecification","valueRequired":true,"valueName":"search_term_string"}}],"inLanguage":"en-US"}]}},"_links":{"self":[{"href":"https:\/\/findit.pt\/index.php\/wp-json\/wp\/v2\/pages\/1785","targetHints":{"allow":["GET"]}}],"collection":[{"href":"https:\/\/findit.pt\/index.php\/wp-json\/wp\/v2\/pages"}],"about":[{"href":"https:\/\/findit.pt\/index.php\/wp-json\/wp\/v2\/types\/page"}],"author":[{"embeddable":true,"href":"https:\/\/findit.pt\/index.php\/wp-json\/wp\/v2\/users\/1"}],"replies":[{"embeddable":true,"href":"https:\/\/findit.pt\/index.php\/wp-json\/wp\/v2\/comments?post=1785"}],"version-history":[{"count":25,"href":"https:\/\/findit.pt\/index.php\/wp-json\/wp\/v2\/pages\/1785\/revisions"}],"predecessor-version":[{"id":1789,"href":"https:\/\/findit.pt\/index.php\/wp-json\/wp\/v2\/pages\/1785\/revisions\/1789"}],"wp:featuredmedia":[{"embeddable":true,"href":"https:\/\/findit.pt\/index.php\/wp-json\/wp\/v2\/media\/1805"}],"wp:attachment":[{"href":"https:\/\/findit.pt\/index.php\/wp-json\/wp\/v2\/media?parent=1785"}],"curies":[{"name":"wp","href":"https:\/\/api.w.org\/{rel}","templated":true}]}}